{"id":2,"date":"2022-01-03T21:07:58","date_gmt":"2022-01-03T20:07:58","guid":{"rendered":"http:\/\/prova.ihcertification.com\/?page_id=2"},"modified":"2023-11-22T16:45:04","modified_gmt":"2023-11-22T15:45:04","slug":"mission","status":"publish","type":"page","link":"https:\/\/www.ihcertification.com\/index.php\/mission\/","title":{"rendered":"MISSION"},"content":{"rendered":"<div data-colibri-id=\"2-c1\" class=\"style-362 style-local-2-c1 position-relative\">\n  <!---->\n  <div data-colibri-component=\"section\" data-colibri-id=\"2-c2\" id=\"custom\" class=\"h-section h-section-global-spacing d-flex align-items-lg-center align-items-md-center align-items-center style-375 style-local-2-c2 position-relative\">\n    <div class=\"background-wrapper\">\n      <div class=\"background-layer background-layer-media-container-lg\">\n        <!---->\n        <div class=\"overlay-layer\">\n          <div class=\"overlay-image-layer\" style=\"background-color: rgb(255, 255, 255); opacity: 0.75;\"><\/div>\n        <\/div>\n      <\/div>\n      <div class=\"background-layer background-layer-media-container-md\">\n        <!---->\n        <div class=\"overlay-layer\">\n          <div class=\"overlay-image-layer\" style=\"background-color: rgb(255, 255, 255); opacity: 0.75;\"><\/div>\n        <\/div>\n      <\/div>\n      <div class=\"background-layer background-layer-media-container\">\n        <!---->\n        <div class=\"overlay-layer\">\n          <div class=\"overlay-image-layer\" style=\"background-color: rgb(255, 255, 255); opacity: 0.75;\"><\/div>\n        <\/div>\n      <\/div>\n    <\/div>\n    <!---->\n    <div class=\"h-section-grid-container h-section-fluid-container\">\n      <div data-colibri-id=\"2-c6\" class=\"h-row-container gutters-row-lg-2 gutters-row-md-2 gutters-row-0 gutters-row-v-lg-2 gutters-row-v-md-2 gutters-row-v-2 style-382 style-local-2-c6 position-relative\">\n        <!---->\n        <div class=\"h-row justify-content-lg-center justify-content-md-center justify-content-center align-items-lg-stretch align-items-md-stretch align-items-stretch gutters-col-lg-2 gutters-col-md-2 gutters-col-0 gutters-col-v-lg-2 gutters-col-v-md-2 gutters-col-v-2\">\n          <!---->\n          <div class=\"h-column h-column-container d-flex h-col-lg-auto h-col-md-auto h-col-auto style-383-outer style-local-2-c7-outer\">\n            <div data-colibri-id=\"2-c7\" class=\"d-flex h-flex-basis h-column__inner h-px-lg-2 h-px-md-2 h-px-2 v-inner-lg-2 v-inner-md-2 v-inner-2 style-383 style-local-2-c7 position-relative\">\n              <!---->\n              <!---->\n              <div class=\"w-100 h-y-container h-column__content h-column__v-align flex-basis-100 align-self-lg-start align-self-md-start align-self-start\">\n                <!---->\n                <div data-colibri-id=\"2-c8\" class=\"h-global-transition-all h-heading style-384 style-local-2-c8 position-relative h-element\">\n                  <!---->\n                  <div class=\"h-heading__outer style-384 style-local-2-c8\">\n                    <!---->\n                    <!---->\n                    <h2 class=\"\">Formazione e corretta informazione<\/h2>\n                  <\/div>\n                <\/div>\n              <\/div>\n            <\/div>\n          <\/div>\n        <\/div>\n      <\/div>\n      <div data-colibri-id=\"2-c3\" class=\"h-row-container gutters-row-lg-2 gutters-row-md-2 gutters-row-0 gutters-row-v-lg-2 gutters-row-v-md-2 gutters-row-v-2 style-1073 style-local-2-c3 position-relative\">\n        <!---->\n        <div class=\"h-row justify-content-lg-center justify-content-md-center justify-content-center align-items-lg-stretch align-items-md-stretch align-items-stretch gutters-col-lg-2 gutters-col-md-2 gutters-col-0 gutters-col-v-lg-2 gutters-col-v-md-2 gutters-col-v-2\">\n          <!---->\n          <div class=\"h-column h-column-container d-flex h-col-lg-auto h-col-md-auto h-col-auto style-1074-outer style-local-2-c4-outer\">\n            <div data-colibri-id=\"2-c4\" class=\"d-flex h-flex-basis h-column__inner h-px-lg-2 h-px-md-2 h-px-2 v-inner-lg-2 v-inner-md-2 v-inner-2 style-1074 style-local-2-c4 position-relative\">\n              <!---->\n              <!---->\n              <div class=\"w-100 h-y-container h-column__content h-column__v-align flex-basis-100 align-self-lg-start align-self-md-start align-self-start\">\n                <!---->\n                <div data-colibri-id=\"2-c5\" class=\"h-lead h-text h-text-component style-385 style-local-2-c5 position-relative h-element\">\n                  <!---->\n                  <!---->\n                  <div class=\"\">\n                    <p>Nell&#8217;ambito della contingente situazione in cui ci siamo trovati e che ancora perdura, l&#8217;attenzione verso le &#8220;condizioni igieniche&#8221;, nella pi\u00f9 ampia delle accezioni, ha finalmente assunto la dovuta importanza.&nbsp;<\/p>\n                    <p>Aria, acqua, superfici, tutto pu\u00f2 trasformarsi in un veicolo di agenti pandemici. C&#8217;\u00e8 per\u00f2 un fatto. Ci\u00f2 che probabilmente ci aiuter\u00e0 a limitare il rischio di ricaduta, sar\u00e0 la&nbsp;\n                      <u>PREVENZIONE<\/u>.&nbsp;<\/p>\n                    <p>Ho maturato la solida convinzione che sia necessario ordinare le idee al riguardo. L&#8217;igiene degli ambienti indoor non pu\u00f2 pi\u00f9 prescindere da un&#8217;attenta analisi delle condizioni di salubrit\u00e0 dell&#8217;aria immessa negli ambienti stessi.<\/p>\n                    <p>Prima dell&#8217;evento pandemico l&#8217;attenzione si \u00e8 focalizzata quasi esclusivamente sulle problematiche derivanti dalla gestione degli impianti di produzione, accumulo e distribuzione dell&#8217;acqua sanitaria, riservando al vettore aria un&#8217;importanza\n                      quasi marginale (vedasi il carente panorama legislativo al riguardo). Oggi a seguito dell&#8217;evento pandemico, si \u00e8 presa coscienza della necessit\u00e0 di elevare il livello di attenzione anche nei confronti della qualit\u00e0 dell&#8217;aria indoor.&nbsp;<\/p>\n                    <p>Se da un lato la letteratura si \u00e8 concentrata a scrivere e descrivere le buone pratiche di prevenzione, dall&#8217;altra gli operatori si sono trovati a gestire situazioni in balia di sedicenti professionisti, neo-convertiti al nuovo credo\n                      di tendenza: IGIENE AD OGNI COSTO!<\/p>\n                    <p><strong><u>L&#8217;intento<\/u><\/strong>\n                      <u>&nbsp;\u00e8 quello di fornire un servizio di consulenza volto alla gestione delle problematiche relative all&#8217;igiene degli ambienti indoor. Dalla valutazione delle condizioni iniziali, alla certificazione dello stato igienico, passando\n                        per la gestione delle attivit\u00e0 di sanificazione, (gestione del cantiere di bonifica, controllo delle attivit\u00e0&nbsp;e verifica del livello qualitativo degli interventi), fino alla Certificazione dello stato igienico degli impianti\n                        con evidenze analitiche accreditate.<\/u>\n                    <\/p>\n                  <\/div>\n                <\/div>\n              <\/div>\n            <\/div>\n          <\/div>\n        <\/div>\n      <\/div>\n    <\/div>\n  <\/div>\n<\/div>","protected":false},"excerpt":{"rendered":"<p>Formazione e corretta informazione Nell&#8217;ambito della contingente situazione in cui ci siamo trovati e che ancora perdura, l&#8217;attenzione verso le &#8220;condizioni igieniche&#8221;, nella pi\u00f9 ampia delle accezioni, ha finalmente assunto la dovuta importanza.&nbsp; Aria, acqua, superfici, tutto pu\u00f2 trasformarsi in un veicolo di agenti pandemici. C&#8217;\u00e8 per\u00f2 un fatto. Ci\u00f2 che probabilmente ci aiuter\u00e0 a [&hellip;]<\/p>\n","protected":false},"author":1,"featured_media":0,"parent":0,"menu_order":2,"comment_status":"closed","ping_status":"closed","template":"page-templates\/full-width-page.php","meta":{"footnotes":""},"class_list":["post-2","page","type-page","status-publish","hentry"],"_links":{"self":[{"href":"https:\/\/www.ihcertification.com\/index.php\/wp-json\/wp\/v2\/pages\/2","targetHints":{"allow":["GET"]}}],"collection":[{"href":"https:\/\/www.ihcertification.com\/index.php\/wp-json\/wp\/v2\/pages"}],"about":[{"href":"https:\/\/www.ihcertification.com\/index.php\/wp-json\/wp\/v2\/types\/page"}],"author":[{"embeddable":true,"href":"https:\/\/www.ihcertification.com\/index.php\/wp-json\/wp\/v2\/users\/1"}],"replies":[{"embeddable":true,"href":"https:\/\/www.ihcertification.com\/index.php\/wp-json\/wp\/v2\/comments?post=2"}],"version-history":[{"count":20,"href":"https:\/\/www.ihcertification.com\/index.php\/wp-json\/wp\/v2\/pages\/2\/revisions"}],"predecessor-version":[{"id":2980,"href":"https:\/\/www.ihcertification.com\/index.php\/wp-json\/wp\/v2\/pages\/2\/revisions\/2980"}],"wp:attachment":[{"href":"https:\/\/www.ihcertification.com\/index.php\/wp-json\/wp\/v2\/media?parent=2"}],"curies":[{"name":"wp","href":"https:\/\/api.w.org\/{rel}","templated":true}]}}