{"id":1039,"date":"2022-03-14T22:06:52","date_gmt":"2022-03-14T21:06:52","guid":{"rendered":"https:\/\/prova.ihcertification.com\/?page_id=1039"},"modified":"2023-11-22T18:40:03","modified_gmt":"2023-11-22T17:40:03","slug":"igiene-degli-impianti-idraulici","status":"publish","type":"page","link":"https:\/\/www.ihcertification.com\/index.php\/aree-dintervento\/igiene-degli-impianti-idraulici\/","title":{"rendered":"ACQUA"},"content":{"rendered":"<div data-colibri-id=\"1039-c1\" class=\"style-1060 style-local-1039-c1 position-relative\">\n  <!---->\n  <div data-colibri-component=\"section\" data-colibri-id=\"1039-c2\" id=\"custom\" class=\"h-section h-section-global-spacing d-flex align-items-lg-start align-items-md-start align-items-start style-2030 style-local-1039-c2 position-relative\">\n    <!---->\n    <!---->\n    <div class=\"h-section-grid-container h-section-boxed-container\">\n      <!---->\n      <div data-colibri-id=\"1039-c3\" class=\"h-row-container gutters-row-lg-2 gutters-row-md-2 gutters-row-0 gutters-row-v-lg-2 gutters-row-v-md-2 gutters-row-v-2 style-2036 style-local-1039-c3 position-relative\">\n        <!---->\n        <div class=\"h-row justify-content-lg-center justify-content-md-center justify-content-center align-items-lg-stretch align-items-md-stretch align-items-stretch gutters-col-lg-2 gutters-col-md-2 gutters-col-0 gutters-col-v-lg-2 gutters-col-v-md-2 gutters-col-v-2\">\n          <!---->\n          <div class=\"h-column h-column-container d-flex h-col-lg-auto h-col-md-auto h-col-auto style-2037-outer style-local-1039-c4-outer\">\n            <div data-colibri-id=\"1039-c4\" class=\"d-flex h-flex-basis h-column__inner h-px-lg-2 h-px-md-2 h-px-2 v-inner-lg-2 v-inner-md-2 v-inner-2 style-2037 style-local-1039-c4 position-relative\">\n              <!---->\n              <!---->\n              <div class=\"w-100 h-y-container h-column__content h-column__v-align flex-basis-100 align-self-lg-start align-self-md-start align-self-start\">\n                <!---->\n                <div data-colibri-id=\"1039-c5\" class=\"h-global-transition-all h-heading style-2035 style-local-1039-c5 position-relative h-element\">\n                  <!---->\n                  <div class=\"h-heading__outer style-2035 style-local-1039-c5\">\n                    <!---->\n                    <!---->\n                    <h2 class=\"\">Igiene degli impianti idraulici<\/h2>\n                  <\/div>\n                <\/div>\n              <\/div>\n            <\/div>\n          <\/div>\n        <\/div>\n      <\/div>\n    <\/div>\n  <\/div>\n  <div data-colibri-component=\"section\" data-colibri-id=\"1039-c6\" id=\"about\" class=\"h-section h-section-global-spacing d-flex align-items-lg-center align-items-md-center align-items-center style-1061 style-local-1039-c6 position-relative\">\n    <div class=\"background-wrapper\">\n      <div class=\"background-layer background-layer-media-container-lg\">\n        <!---->\n        <div class=\"overlay-layer\">\n          <div class=\"overlay-image-layer\" style=\"background-color: rgb(255, 255, 255); opacity: 0.8;\"><\/div>\n        <\/div>\n      <\/div>\n      <div class=\"background-layer background-layer-media-container-md\">\n        <!---->\n        <div class=\"overlay-layer\">\n          <div class=\"overlay-image-layer\" style=\"background-color: rgb(255, 255, 255); opacity: 0.8;\"><\/div>\n        <\/div>\n      <\/div>\n      <div class=\"background-layer background-layer-media-container\">\n        <!---->\n        <div class=\"overlay-layer\">\n          <div class=\"overlay-image-layer\" style=\"background-color: rgb(255, 255, 255); opacity: 0.8;\"><\/div>\n        <\/div>\n      <\/div>\n    <\/div>\n    <!---->\n    <div class=\"h-section-grid-container h-section-fluid-container\">\n      <!---->\n      <div data-colibri-id=\"1039-c7\" class=\"h-row-container gutters-row-lg-0 gutters-row-md-0 gutters-row-2 gutters-row-v-lg-0 gutters-row-v-md-0 gutters-row-v-2 style-1062 style-local-1039-c7 position-relative\">\n        <!---->\n        <div class=\"h-row justify-content-lg-center justify-content-md-center justify-content-center align-items-lg-stretch align-items-md-stretch align-items-stretch gutters-col-lg-0 gutters-col-md-0 gutters-col-2 gutters-col-v-lg-0 gutters-col-v-md-0 gutters-col-v-2\">\n          <!---->\n          <div class=\"h-column h-column-container d-flex h-col-lg-6 h-col-md-6 h-col-12 style-1063-outer style-local-1039-c8-outer\">\n            <div data-colibri-id=\"1039-c8\" class=\"d-flex h-flex-basis h-column__inner h-px-lg-0 h-px-md-0 h-px-0 v-inner-lg-0 v-inner-md-0 v-inner-0 style-1063 style-local-1039-c8 position-relative\">\n              <!---->\n              <!---->\n              <div class=\"w-100 h-y-container h-column__content h-column__v-align flex-basis-100 align-self-lg-start align-self-md-start align-self-start\">\n                <!---->\n                <div data-colibri-id=\"1039-c9\" class=\"h-multiple-image style-1064 style-local-1039-c9 position-relative h-element\">\n                  <!---->\n                  <div class=\"position-relative\">\n                    <div class=\"h-multiple-image-inside-container\">\n                      <div class=\"ratio-inner\">\n                        <div data-colibri-id=\"1039-c10\" class=\"d-block style-1065 style-local-1039-c10 position-relative h-element\">\n                          <!---->\n                          <div class=\"h-image__frame-container-outer\">\n                            <div class=\"h-image__frame-container\">\n                              <!---->\n                              <!---->\n                              <img loading=\"lazy\" decoding=\"async\" width=\"1200\" height=\"480\" src=\"http:\/\/prova.ihcertification.com\/wp-content\/uploads\/2022\/03\/intervista-1200x480-1.jpg\" class=\"style-1064-images style-local-1039-c9-images wp-image-984 style-1065-image style-local-1039-c10-image\" alt=\"\" srcset=\"https:\/\/www.ihcertification.com\/wp-content\/uploads\/2022\/03\/intervista-1200x480-1.jpg 1200w, https:\/\/www.ihcertification.com\/wp-content\/uploads\/2022\/03\/intervista-1200x480-1-300x120.jpg 300w, https:\/\/www.ihcertification.com\/wp-content\/uploads\/2022\/03\/intervista-1200x480-1-1024x410.jpg 1024w, https:\/\/www.ihcertification.com\/wp-content\/uploads\/2022\/03\/intervista-1200x480-1-768x307.jpg 768w\" sizes=\"auto, (max-width: 1200px) 100vw, 1200px\" \/>\n                              <div class=\"h-image__frame h-hide-lg h-hide-md h-hide-sm style-1065-frameImage style-local-1039-c10-frameImage\"><\/div>\n                            <\/div>\n                          <\/div>\n                        <\/div>\n                        <div data-colibri-id=\"1039-c11\" class=\"d-block style-1066 style-local-1039-c11 position-relative h-element\">\n                          <!---->\n                          <div class=\"h-image__frame-container-outer\">\n                            <div class=\"h-image__frame-container\">\n                              <!---->\n                              <!---->\n                              <img loading=\"lazy\" decoding=\"async\" width=\"750\" height=\"870\" src=\"http:\/\/prova.ihcertification.com\/wp-content\/uploads\/2022\/03\/cropped-img-gal-1.jpg\" class=\"style-1064-images style-local-1039-c9-images wp-image-1513 style-1066-image style-local-1039-c11-image\" alt=\"\" srcset=\"https:\/\/www.ihcertification.com\/wp-content\/uploads\/2022\/03\/cropped-img-gal-1.jpg 750w, https:\/\/www.ihcertification.com\/wp-content\/uploads\/2022\/03\/cropped-img-gal-1-259x300.jpg 259w\" sizes=\"auto, (max-width: 750px) 100vw, 750px\" \/>\n                              <div class=\"h-image__frame h-hide-lg h-hide-md h-hide-sm style-1066-frameImage style-local-1039-c11-frameImage\"><\/div>\n                            <\/div>\n                          <\/div>\n                        <\/div>\n                      <\/div>\n                    <\/div>\n                  <\/div>\n                <\/div>\n              <\/div>\n            <\/div>\n          <\/div>\n          <div class=\"h-column h-column-container d-flex h-col-lg-6 h-col-md-6 h-col-12 style-1067-outer style-local-1039-c12-outer\">\n            <div data-colibri-id=\"1039-c12\" class=\"d-flex h-flex-basis h-column__inner h-px-lg-3 h-px-md-3 h-px-3 v-inner-lg-3 v-inner-md-3 v-inner-3 style-1067 style-local-1039-c12 position-relative\">\n              <!---->\n              <!---->\n              <div class=\"w-100 h-y-container h-column__content h-column__v-align flex-basis-100 align-self-lg-start align-self-md-start align-self-start\">\n                <!---->\n                <div data-colibri-id=\"1039-c13\" class=\"h-global-transition-all h-heading style-1068 style-local-1039-c13 position-relative h-element\">\n                  <!---->\n                  <div class=\"h-heading__outer style-1068 style-local-1039-c13\">\n                    <!---->\n                    <!---->\n                    <h4 class=\"\">In base alle attuali disposizioni legislative, il datore di lavoro ha l\u2019obbligo (D.lgs. 81\/2008) di tutelare la salute dei lavoratori sul luogo di lavoro effettuando una valutazione del rischio.\n                      <br>L\u2019approccio basato sull\u2019analisi del rischio e la conseguente gestione degli impianti \u00e8 prevista dalla Legislazione attualmente in vigore.\n                      <br>-Le linee guida Italiane (\u201cLinee guida recanti indicazioni sulla Legionellosi per i gestori di strutture turistico ricettive e termali \u201dG.U. n\u00b028 del 2015;&nbsp;\n                      <br>-Linee Guida CONTARP-INAIL: 2010 \u201cIl monitoraggio microbiologico degli ambienti di lavoro. Campionamento ed analisi\u201d;\n                      <br>-Provvedimento 5 ottobre 2006: Accordo tra il Governo, le Regioni e le Province Autonome di Trento e Bolzano sulle \u201clinee guida per la definizione di protocolli tecnici di manutenzione predittiva sugli impianti di climatizzazione\n                      \u201dGazzetta Ufficiale n. 256 del 03\/11\/06);\n                      <br>L\u2019applicazione dei criteri dettati dalla Normativa vigente, si estende ai Luoghi di lavoro(D.Lgs.81\/2008) nella pi\u00f9 ampia delle accezioni e cos\u00ec comprendiamo ambienti circostanti strutture impiantistiche con utilizzo di liquidi,\n                      acque destinate al consumo umano (D.Lgs.31\/01; Linee guida per la prevenzione e il controllo della Legionellosi\u20132015), attivit\u00e0 con utilizzo di acque tecnologiche\/industriali (autolavaggi, lavorazioni con utilizzo di emulsioni, impianti\n                      di irrigazione, piscine, vasche e fontane decorative)L\u2019attivit\u00e0 di valutazione del livello di rischio biologico prender\u00e0 in considerazione dunque matrici quali ARIA, ACQUA e SUPERFICI con le seguenti finalit\u00e0:\n                      <br>&#8211;\n                      <u>Ridurre a livelli accettabili la contaminazione degli impianti da parte di microrganismi potenzialmente patogeni;\n                        <br>-Individuare le operazioni necessarie per gestire gli impianti in maniera da limitare la contaminazione da parte di agenti biologici riducendo di conseguenza i rischi per i lavoratori;\n                        <br>-Indicare le misure da intraprendere nel caso sia riscontrata una contaminazione da parte di microrganismi superiore al limite di Legge (se esistente)o di intervento;<\/u>\n                    <\/h4>\n                  <\/div>\n                <\/div>\n              <\/div>\n            <\/div>\n          <\/div>\n        <\/div>\n      <\/div>\n    <\/div>\n  <\/div>\n<\/div>","protected":false},"excerpt":{"rendered":"<p>Igiene degli impianti idraulici In base alle attuali disposizioni legislative, il datore di lavoro ha l\u2019obbligo (D.lgs. 81\/2008) di tutelare la salute dei lavoratori sul luogo di lavoro effettuando una valutazione del rischio. L\u2019approccio basato sull\u2019analisi del rischio e la conseguente gestione degli impianti \u00e8 prevista dalla Legislazione attualmente in vigore. -Le linee guida Italiane [&hellip;]<\/p>\n","protected":false},"author":1,"featured_media":0,"parent":92,"menu_order":3,"comment_status":"closed","ping_status":"closed","template":"page-templates\/full-width-page.php","meta":{"footnotes":""},"class_list":["post-1039","page","type-page","status-publish","hentry"],"_links":{"self":[{"href":"https:\/\/www.ihcertification.com\/index.php\/wp-json\/wp\/v2\/pages\/1039","targetHints":{"allow":["GET"]}}],"collection":[{"href":"https:\/\/www.ihcertification.com\/index.php\/wp-json\/wp\/v2\/pages"}],"about":[{"href":"https:\/\/www.ihcertification.com\/index.php\/wp-json\/wp\/v2\/types\/page"}],"author":[{"embeddable":true,"href":"https:\/\/www.ihcertification.com\/index.php\/wp-json\/wp\/v2\/users\/1"}],"replies":[{"embeddable":true,"href":"https:\/\/www.ihcertification.com\/index.php\/wp-json\/wp\/v2\/comments?post=1039"}],"version-history":[{"count":19,"href":"https:\/\/www.ihcertification.com\/index.php\/wp-json\/wp\/v2\/pages\/1039\/revisions"}],"predecessor-version":[{"id":2987,"href":"https:\/\/www.ihcertification.com\/index.php\/wp-json\/wp\/v2\/pages\/1039\/revisions\/2987"}],"up":[{"embeddable":true,"href":"https:\/\/www.ihcertification.com\/index.php\/wp-json\/wp\/v2\/pages\/92"}],"wp:attachment":[{"href":"https:\/\/www.ihcertification.com\/index.php\/wp-json\/wp\/v2\/media?parent=1039"}],"curies":[{"name":"wp","href":"https:\/\/api.w.org\/{rel}","templated":true}]}}