{"id":1017,"date":"2022-03-14T21:55:07","date_gmt":"2022-03-14T20:55:07","guid":{"rendered":"https:\/\/prova.ihcertification.com\/?page_id=1017"},"modified":"2023-11-22T11:48:20","modified_gmt":"2023-11-22T10:48:20","slug":"igiene-degli-impianti-aeraulici","status":"publish","type":"page","link":"https:\/\/www.ihcertification.com\/index.php\/aree-dintervento\/igiene-degli-impianti-aeraulici\/","title":{"rendered":"ARIA"},"content":{"rendered":"<div data-colibri-id=\"1017-c1\" class=\"style-1023 style-local-1017-c1 position-relative\">\n  <!---->\n  <div data-colibri-component=\"section\" data-colibri-id=\"1017-c2\" id=\"custom\" class=\"h-section h-section-global-spacing d-flex align-items-lg-start align-items-md-start align-items-start style-2019 style-local-1017-c2 position-relative\">\n    <!---->\n    <!---->\n    <div class=\"h-section-grid-container h-section-fluid-container\">\n      <!---->\n      <div data-colibri-id=\"1017-c3\" class=\"h-row-container gutters-row-lg-2 gutters-row-md-2 gutters-row-0 gutters-row-v-lg-2 gutters-row-v-md-2 gutters-row-v-2 style-2028 style-local-1017-c3 position-relative\">\n        <!---->\n        <div class=\"h-row justify-content-lg-center justify-content-md-center justify-content-center align-items-lg-stretch align-items-md-stretch align-items-stretch gutters-col-lg-2 gutters-col-md-2 gutters-col-0 gutters-col-v-lg-2 gutters-col-v-md-2 gutters-col-v-2\">\n          <!---->\n          <div class=\"h-column h-column-container d-flex h-col-lg-auto h-col-md-auto h-col-auto style-2029-outer style-local-1017-c4-outer\">\n            <div data-colibri-id=\"1017-c4\" class=\"d-flex h-flex-basis h-column__inner h-px-lg-2 h-px-md-2 h-px-2 v-inner-lg-2 v-inner-md-2 v-inner-2 style-2029 style-local-1017-c4 position-relative\">\n              <!---->\n              <!---->\n              <div class=\"w-100 h-y-container h-column__content h-column__v-align flex-basis-100 align-self-lg-start align-self-md-start align-self-start\">\n                <!---->\n                <div data-colibri-id=\"1017-c5\" class=\"h-global-transition-all h-heading style-2027 style-local-1017-c5 position-relative h-element\">\n                  <!---->\n                  <div class=\"h-heading__outer style-2027 style-local-1017-c5\">\n                    <!---->\n                    <!---->\n                    <h2 class=\"\">Igiene degli impianti aeraulici<\/h2>\n                  <\/div>\n                <\/div>\n              <\/div>\n            <\/div>\n          <\/div>\n        <\/div>\n      <\/div>\n    <\/div>\n  <\/div>\n  <div data-colibri-component=\"section\" data-colibri-id=\"1017-c6\" id=\"about-2\" class=\"h-section h-section-global-spacing d-flex align-items-lg-center align-items-md-center align-items-center style-1991 style-local-1017-c6 position-relative\">\n    <!---->\n    <!---->\n    <div class=\"h-section-grid-container h-section-fluid-container\">\n      <!---->\n      <div data-colibri-id=\"1017-c7\" class=\"h-row-container gutters-row-lg-0 gutters-row-md-0 gutters-row-2 gutters-row-v-lg-0 gutters-row-v-md-0 gutters-row-v-2 style-1992 style-local-1017-c7 position-relative\">\n        <!---->\n        <div class=\"h-row justify-content-lg-center justify-content-md-center justify-content-center align-items-lg-stretch align-items-md-stretch align-items-stretch gutters-col-lg-0 gutters-col-md-0 gutters-col-2 gutters-col-v-lg-0 gutters-col-v-md-0 gutters-col-v-2\">\n          <!---->\n          <div class=\"h-column h-column-container d-flex h-col-lg-6 h-col-md-6 h-col-12 style-1993-outer style-local-1017-c8-outer\">\n            <div data-colibri-id=\"1017-c8\" class=\"d-flex h-flex-basis h-column__inner h-px-lg-0 h-px-md-0 h-px-0 v-inner-lg-0 v-inner-md-0 v-inner-0 style-1993 style-local-1017-c8 position-relative\">\n              <!---->\n              <!---->\n              <div class=\"w-100 h-y-container h-column__content h-column__v-align flex-basis-100 align-self-lg-start align-self-md-start align-self-start\">\n                <!---->\n                <div data-colibri-id=\"1017-c9\" class=\"h-multiple-image style-1994 style-local-1017-c9 position-relative h-element\">\n                  <!---->\n                  <div class=\"position-relative\">\n                    <div class=\"h-multiple-image-inside-container\">\n                      <div class=\"ratio-inner\">\n                        <div data-colibri-id=\"1017-c10\" class=\"d-block style-2009 style-local-1017-c10 position-relative h-element\">\n                          <!---->\n                          <div class=\"h-image__frame-container-outer\">\n                            <div class=\"h-image__frame-container\">\n                              <!---->\n                              <!---->\n                              <img loading=\"lazy\" decoding=\"async\" width=\"1280\" height=\"692\" src=\"https:\/\/www.ihcertification.com\/wp-content\/uploads\/2023\/11\/vlcsnap-2023-11-22-11h15m43s391-1.png\" class=\"style-1994-images style-local-1017-c9-images wp-image-2941 style-2009-image style-local-1017-c10-image\" alt=\"\" \/>\n                              <div class=\"h-image__frame h-hide-lg h-hide-md h-hide-sm style-2009-frameImage style-local-1017-c10-frameImage\"><\/div>\n                            <\/div>\n                          <\/div>\n                        <\/div>\n                        <div data-colibri-id=\"1017-c11\" class=\"d-block style-2010 style-local-1017-c11 position-relative h-element\">\n                          <!---->\n                          <div class=\"h-image__frame-container-outer\">\n                            <div class=\"h-image__frame-container\">\n                              <!---->\n                              <!---->\n                              <img loading=\"lazy\" decoding=\"async\" width=\"417\" height=\"417\" src=\"https:\/\/www.ihcertification.com\/wp-content\/uploads\/2022\/03\/cropped-cropped-spiro755x417.jpg\" class=\"style-1994-images style-local-1017-c9-images wp-image-2614 style-2010-image style-local-1017-c11-image\" alt=\"\" srcset=\"https:\/\/www.ihcertification.com\/wp-content\/uploads\/2022\/03\/cropped-cropped-spiro755x417.jpg 417w, https:\/\/www.ihcertification.com\/wp-content\/uploads\/2022\/03\/cropped-cropped-spiro755x417-300x300.jpg 300w, https:\/\/www.ihcertification.com\/wp-content\/uploads\/2022\/03\/cropped-cropped-spiro755x417-150x150.jpg 150w\" sizes=\"auto, (max-width: 417px) 100vw, 417px\" \/>\n                              <div class=\"h-image__frame h-hide-lg h-hide-md h-hide-sm style-2010-frameImage style-local-1017-c11-frameImage\"><\/div>\n                            <\/div>\n                          <\/div>\n                        <\/div>\n                        <div data-colibri-id=\"1017-c12\" class=\"d-block style-2011 style-local-1017-c12 position-relative h-element\">\n                          <!---->\n                          <div class=\"h-image__frame-container-outer\">\n                            <div class=\"h-image__frame-container\">\n                              <!---->\n                              <!---->\n                              <img loading=\"lazy\" decoding=\"async\" width=\"1919\" height=\"1919\" src=\"https:\/\/www.ihcertification.com\/wp-content\/uploads\/2022\/01\/cropped-cropped-diffusore1-scaled-2.jpg\" class=\"style-1994-images style-local-1017-c9-images wp-image-2615 style-2011-image style-local-1017-c12-image\" alt=\"\" srcset=\"https:\/\/www.ihcertification.com\/wp-content\/uploads\/2022\/01\/cropped-cropped-diffusore1-scaled-2.jpg 1919w, https:\/\/www.ihcertification.com\/wp-content\/uploads\/2022\/01\/cropped-cropped-diffusore1-scaled-2-300x300.jpg 300w, https:\/\/www.ihcertification.com\/wp-content\/uploads\/2022\/01\/cropped-cropped-diffusore1-scaled-2-1024x1024.jpg 1024w, https:\/\/www.ihcertification.com\/wp-content\/uploads\/2022\/01\/cropped-cropped-diffusore1-scaled-2-150x150.jpg 150w, https:\/\/www.ihcertification.com\/wp-content\/uploads\/2022\/01\/cropped-cropped-diffusore1-scaled-2-768x768.jpg 768w, https:\/\/www.ihcertification.com\/wp-content\/uploads\/2022\/01\/cropped-cropped-diffusore1-scaled-2-1536x1536.jpg 1536w\" sizes=\"auto, (max-width: 1919px) 100vw, 1919px\" \/>\n                              <div class=\"h-image__frame h-hide-lg h-hide-md h-hide-sm style-2011-frameImage style-local-1017-c12-frameImage\"><\/div>\n                            <\/div>\n                          <\/div>\n                        <\/div>\n                      <\/div>\n                    <\/div>\n                  <\/div>\n                <\/div>\n              <\/div>\n            <\/div>\n          <\/div>\n          <div class=\"h-column h-column-container d-flex h-col-lg-6 h-col-md-6 h-col-12 style-1997-outer style-local-1017-c13-outer\">\n            <div data-colibri-id=\"1017-c13\" class=\"d-flex h-flex-basis h-column__inner h-px-lg-3 h-px-md-3 h-px-3 v-inner-lg-3 v-inner-md-3 v-inner-3 style-1997 style-local-1017-c13 position-relative\">\n              <!---->\n              <!---->\n              <div class=\"w-100 h-y-container h-column__content h-column__v-align flex-basis-100 align-self-lg-start align-self-md-start align-self-start\">\n                <!---->\n                <div data-colibri-id=\"1017-c14\" class=\"h-text h-text-component style-1975 style-local-1017-c14 position-relative h-element\">\n                  <!---->\n                  <!---->\n                  <div class=\"\">\n                    <p>Nel D.Lgs. n\u00b0 81\/2008 relativo alla tutela della salute e sicurezza nei luoghi di lavoro, il problema della corretta igiene degli impianti di trattamento aria \u00e8 considerato in modo pi\u00f9 attento ed efficace.<\/p>\n                    <p>Nell\u2019Allegato IV del Decreto, intitolato \u201cRequisiti dei luoghi di lavoro\u201d, al comma 1.9.1, dedicato all\u2019aerazione dei luoghi chiusi, si prevede testualmente:<\/p>\n                    <p>1.9.1.4 &#8220;Gli stessi impianti devono essere periodicamente sottoposti a controlli, manutenzione, pulizia e sanificazione per la tutela della salute dei lavoratori&#8221;.<\/p>\n                    <p>1.9.1.5 &#8220;Qualsiasi sedimento o sporcizia che potrebbe comportare un pericolo immediato per la salute dei lavoratori dovuto all\u2019inquinamento dell\u2019aria respirata deve essere eliminato rapidamente&#8221;.<\/p>\n                    <p>Il successivo articolo 64 comma 1\u00b0 lett. a) del Decreto a precisare che colui che ha la responsabilit\u00e0 di provvedere che ci\u00f2 avvenga \u00e8 il Datore di lavoro.<\/p>\n                    <p>In questo contesto \u00e8 fondamentale intervenire in maniera mirata,&nbsp;<strong style=\"font-weight: 700;\">MINIMIZZANDO i COSTI e MASSIMIZZANDO il LIVELLO QUALITATIVO<\/strong>&nbsp;degli interventi.<\/p>\n                    <p>E\u2019 opportuno procedere per step in modo da verificare lo stato di conservazione degli impianti mediante una VIDEOISPEZIONE delle condotte aerauliche e delle CTA in modo da verificare la reale necessit\u00e0 di intervenire con la SANIFICAZIONE\n                      degli stessi.<\/p>\n                    <p>L&#8217;innovativo utilizzo di\n                      <u>robot radioguidati<\/u>&nbsp;agevola l&#8217;attivit\u00e0 d&#8217;ispezione, riducendo drasticamente i tempi e semplificando la logistica dell&#8217;intervento.&nbsp;<\/p>\n                    <p>\n                      <u>L\u2019eventuale intervento manutentivo, in questo modo, verr\u00e0 organizzato e proporzionato alle&nbsp;<\/u><strong style=\"font-weight: 700;\"><u>REALI NECESSITA\u2019&nbsp;<\/u><\/strong>\n                      <u>degli impianti.<\/u>&nbsp;<\/p>\n                    <p>L\u2019intera organizzazione ed il successivo svolgimento dell\u2019attivit\u00e0 verranno supervisionati costantemente e la successiva <strong style=\"font-weight: 700;\">CERTIFICAZIONE dello STATO IGIENICO<\/strong> degli impianti processati, verr\u00e0\n                      garantito dall\u2019abilitazione a \u201cResponsabile dell\u2019igiene degli impianti aeraulici\u201d ai sensi della Conferenza permanente per i rapporti tra lo Stato, le Regioni e le Provincie Autonome di Trento e Bolzano in data 5 ottobre 2006 \u2013 Ministero\n                      della Salute Provv. 05\/10\/2006 \u2013 G. U. 03\/11\/2006 e s.m.i. con certificazione ICMQ).<\/p>\n                  <\/div>\n                <\/div>\n                <div data-colibri-id=\"1017-c15\" class=\"h-multiple-image style-2054 style-local-1017-c15 position-relative h-element\">\n                  <!---->\n                  <div class=\"position-relative\">\n                    <div class=\"h-multiple-image-inside-container\">\n                      <div class=\"ratio-inner\">\n                        <div data-colibri-id=\"1017-c16\" class=\"d-block style-2055 style-local-1017-c16 position-relative h-element\">\n                          <!---->\n                          <div class=\"h-image__frame-container-outer\">\n                            <div class=\"h-image__frame-container\">\n                              <!---->\n                              <!---->\n                              <img loading=\"lazy\" decoding=\"async\" width=\"300\" height=\"162\" src=\"https:\/\/www.ihcertification.com\/wp-content\/uploads\/2022\/04\/icmq-300x162-1.jpg\" class=\"style-2054-images style-local-1017-c15-images wp-image-2284 style-2055-image style-local-1017-c16-image\" alt=\"\" \/>\n                              <div class=\"h-image__frame h-hide-lg h-hide-md h-hide-sm style-2055-frameImage style-local-1017-c16-frameImage\"><\/div>\n                            <\/div>\n                          <\/div>\n                        <\/div>\n                        <div data-colibri-id=\"1017-c17\" class=\"d-block style-2056 style-local-1017-c17 position-relative h-element\">\n                          <!---->\n                          <div class=\"h-image__frame-container-outer\">\n                            <div class=\"h-image__frame-container\">\n                              <!---->\n                              <!---->\n                              <img loading=\"lazy\" decoding=\"async\" width=\"1585\" height=\"769\" src=\"https:\/\/www.ihcertification.com\/wp-content\/uploads\/2022\/04\/logoaicarr.png\" class=\"style-2054-images style-local-1017-c15-images wp-image-2285 style-2056-image style-local-1017-c17-image\" alt=\"\" srcset=\"https:\/\/www.ihcertification.com\/wp-content\/uploads\/2022\/04\/logoaicarr.png 1585w, https:\/\/www.ihcertification.com\/wp-content\/uploads\/2022\/04\/logoaicarr-300x146.png 300w, https:\/\/www.ihcertification.com\/wp-content\/uploads\/2022\/04\/logoaicarr-1024x497.png 1024w, https:\/\/www.ihcertification.com\/wp-content\/uploads\/2022\/04\/logoaicarr-768x373.png 768w, https:\/\/www.ihcertification.com\/wp-content\/uploads\/2022\/04\/logoaicarr-1536x745.png 1536w\" sizes=\"auto, (max-width: 1585px) 100vw, 1585px\" \/>\n                              <div class=\"h-image__frame h-hide-lg h-hide-md h-hide-sm style-2056-frameImage style-local-1017-c17-frameImage\"><\/div>\n                            <\/div>\n                          <\/div>\n                        <\/div>\n                      <\/div>\n                    <\/div>\n                  <\/div>\n                <\/div>\n              <\/div>\n            <\/div>\n          <\/div>\n        <\/div>\n      <\/div>\n    <\/div>\n  <\/div>\n<\/div>","protected":false},"excerpt":{"rendered":"<p>Igiene degli impianti aeraulici Nel D.Lgs. n\u00b0 81\/2008 relativo alla tutela della salute e sicurezza nei luoghi di lavoro, il problema della corretta igiene degli impianti di trattamento aria \u00e8 considerato in modo pi\u00f9 attento ed efficace. Nell\u2019Allegato IV del Decreto, intitolato \u201cRequisiti dei luoghi di lavoro\u201d, al comma 1.9.1, dedicato all\u2019aerazione dei luoghi chiusi, [&hellip;]<\/p>\n","protected":false},"author":1,"featured_media":0,"parent":92,"menu_order":2,"comment_status":"closed","ping_status":"closed","template":"page-templates\/full-width-page.php","meta":{"footnotes":""},"class_list":["post-1017","page","type-page","status-publish","hentry"],"_links":{"self":[{"href":"https:\/\/www.ihcertification.com\/index.php\/wp-json\/wp\/v2\/pages\/1017","targetHints":{"allow":["GET"]}}],"collection":[{"href":"https:\/\/www.ihcertification.com\/index.php\/wp-json\/wp\/v2\/pages"}],"about":[{"href":"https:\/\/www.ihcertification.com\/index.php\/wp-json\/wp\/v2\/types\/page"}],"author":[{"embeddable":true,"href":"https:\/\/www.ihcertification.com\/index.php\/wp-json\/wp\/v2\/users\/1"}],"replies":[{"embeddable":true,"href":"https:\/\/www.ihcertification.com\/index.php\/wp-json\/wp\/v2\/comments?post=1017"}],"version-history":[{"count":21,"href":"https:\/\/www.ihcertification.com\/index.php\/wp-json\/wp\/v2\/pages\/1017\/revisions"}],"predecessor-version":[{"id":2957,"href":"https:\/\/www.ihcertification.com\/index.php\/wp-json\/wp\/v2\/pages\/1017\/revisions\/2957"}],"up":[{"embeddable":true,"href":"https:\/\/www.ihcertification.com\/index.php\/wp-json\/wp\/v2\/pages\/92"}],"wp:attachment":[{"href":"https:\/\/www.ihcertification.com\/index.php\/wp-json\/wp\/v2\/media?parent=1017"}],"curies":[{"name":"wp","href":"https:\/\/api.w.org\/{rel}","templated":true}]}}